{"id":719,"date":"2017-03-04T15:17:12","date_gmt":"2017-03-04T14:17:12","guid":{"rendered":"http:\/\/www.christianmittendorfer.it\/oggetti\/tisch-doris\/"},"modified":"2021-05-13T17:28:56","modified_gmt":"2021-05-13T15:28:56","slug":"tavolo-doris","status":"publish","type":"page","link":"https:\/\/www.christianmittendorfer.it\/it\/oggetti\/tavolo-doris\/","title":{"rendered":"tavolo Doris"},"content":{"rendered":"<p>C\u2019\u00e8 sempre posto per tutti! A questo tavolo allungabile di acero, fino a nove persone possono prendere posto e accarezzarne il piano morbido e vellutato. \u00c8 qualcosa di veramente speciale, perch\u00e9 \u00e8 completamente non trattato. In passato, grazie ai suoi pori finissimi, il legno di acero era utilizzato per motivi igienici anche per la produzione di stoviglie e, ancora oggi, viene spesso utilizzato per produrre mestoli da cucina e giocattoli. Il piano del tavolo viene finemente levigato con numerosi lavaggi e innumerevoli processi di levigatura, che esaltano la sua naturale resistenza. Con il tempo e il suo uso regolare, oltra a qualche lavaggio con sapone di Marsiglia, donano al piano del tavolo una superficie semilucida.<\/p>\n<p>misura: diametro 125 cm \/ altezza 75 cm<br \/>\nlunghezze tavolo estratto: 175 cm \/ 225 cm<\/p>\n<p>&nbsp;<\/p>\n<div class=\"caldera-grid\" id=\"caldera_form_1\" data-cf-ver=\"1.5.0.8\" data-cf-form-id=\"CF58ecac362708f\"><div id=\"caldera_notices_1\" data-spinner=\"https:\/\/www.christianmittendorfer.it\/wp-admin\/images\/spinner.gif\"><\/div><form data-instance=\"1\" class=\"CF58ecac362708f caldera_forms_form cfajax-trigger\" method=\"POST\" enctype=\"multipart\/form-data\" role=\"form\" id=\"CF58ecac362708f_1\" data-target=\"#caldera_notices_1\" data-template=\"#cfajax_CF58ecac362708f-tmpl\" data-cfajax=\"CF58ecac362708f\" data-load-element=\"_parent\" data-load-class=\"cf_processing\" data-post-disable=\"0\" data-action=\"cf_process_ajax_submit\" data-request=\"https:\/\/www.christianmittendorfer.it\/it\/\/cf-api\/CF58ecac362708f\" data-hiderows=\"true\">\r\n<input type=\"hidden\" id=\"_cf_verify_CF58ecac362708f\" name=\"_cf_verify\" value=\"c659017f35\"  data-nonce-time=\"1776932933\" \/><input type=\"hidden\" name=\"_wp_http_referer\" value=\"\/it\/wp-json\/wp\/v2\/pages\/719\" \/><input type=\"hidden\" name=\"_cf_frm_id\" value=\"CF58ecac362708f\">\r\n<input type=\"hidden\" name=\"_cf_frm_ct\" value=\"1\">\r\n<input type=\"hidden\" name=\"cfajax\" value=\"CF58ecac362708f\">\r\n<input type=\"hidden\" name=\"_cf_cr_pst\" value=\"719\">\r\n<div class=\"hide\" style=\"display:none; overflow:hidden;height:0;width:0;\">\r\n<label>Email<\/label><input type=\"text\" name=\"email\" value=\"\" autocomplete=\"off\">\r\n<\/div><div id=\"CF58ecac362708f_1-row-1\"  class=\"row  first_row\"><div  class=\"col-sm-6  first_col\"><div role=\"field\" data-field-wrapper=\"fld_5246134\" class=\"form-group\">\r\n\t<label id=\"fld_5246134Label\" for=\"fld_5246134_1\" class=\"control-label\">Ausf\u00fchrung w\u00e4hlen<\/label>\r\n\t<div class=\"\">\r\n\t\t<select name=\"fld_5246134\" value=\"opt786597\" data-field=\"fld_5246134\" class=\"form-control\" id=\"fld_5246134_1\"    aria-labelledby=\"fld_5246134Label\" >\n\t\t\t\t\t\t<option value=\"2200,00\" selected=\"selected\">Ahorn natur (\u20ac 2200)<\/option>\n\t\t\t\t\t\t<\/select>\n\t\t\t<\/div>\r\n<\/div>\r\n<\/div><div  class=\"col-sm-6  last_col\"><div role=\"field\" data-field-wrapper=\"fld_3820882\" class=\"form-group\">\r\n\t<label id=\"fld_3820882Label\" for=\"fld_3820882_1\" class=\"control-label\">Total<\/label>\r\n\t<div class=\"\">\r\n\t\t<h3 aria-labelledby=\"fld_3820882Label\" class=\"total-line\">Total:\t\t\t<span id=\"fld_3820882_1\"><\/span><\/h3>\n\t\t\t\t<input type=\"hidden\" type=\"hidden\" name=\"fld_3820882\" value=\"0\" data-field=\"fld_3820882\" \" >\n\t\t\t<\/div>\r\n<\/div>\r\n<\/div><\/div><div id=\"CF58ecac362708f_1-row-2\"  class=\"row  last_row\"><div  class=\"col-sm-6  first_col\"><span class=\"caldera-forms-conditional-field\" role=\"region\" aria-live=\"polite\" id=\"conditional_fld_4079097_1\" data-field-id=\"fld_4079097_1\"><\/span><span class=\"caldera-forms-conditional-field\" role=\"region\" aria-live=\"polite\" id=\"conditional_fld_4376249_1\" data-field-id=\"fld_4376249_1\"><\/span><div role=\"field\" data-field-wrapper=\"fld_2328959\" class=\"form-group\">\r\n<label id=\"fld_2328959Label\" for=\"fld_2328959_1\" class=\"control-label\">Akzeptiere\/accetto privacy policy  <span aria-hidden=\"true\" role=\"presentation\" class=\"field_required\" style=\"color:#ee0000;\">*<\/span><\/label>\r\n<div class=\"\">\r\n\n\t<input type=\"radio\" id=\"fld_2328959_1\" data-field=\"fld_2328959\" class=\"field-config option-required\" name=\"fld_2328959\" value=\"1\" >\n\n<\/div>\r\n<\/div>\r\n<span class=\"caldera-forms-conditional-field\" role=\"region\" aria-live=\"polite\" id=\"conditional_fld_2419621_1\" data-field-id=\"fld_2419621_1\"><\/span><\/div><div  class=\"col-sm-6  last_col\"><span class=\"caldera-forms-conditional-field\" role=\"region\" aria-live=\"polite\" id=\"conditional_fld_3162303_1\" data-field-id=\"fld_3162303_1\"><\/span><div role=\"field\" data-field-wrapper=\"fld_7786604\" class=\"form-group\">\r\n\t<label id=\"fld_7786604Label\" for=\"fld_7786604_1\" class=\"control-label\">Mitteilung<\/label>\r\n\t<div class=\"\">\r\n\t\t<textarea name=\"fld_7786604\" value=\"\" data-field=\"fld_7786604\" class=\"form-control\" id=\"fld_7786604_1\" rows=\"4\"    aria-labelledby=\"fld_7786604Label\" ><\/textarea>\n\t\t\t<\/div>\r\n<\/div>\r\n<\/div><\/div><\/form>\r\n<\/div>\r\n<script type=\"text\/javascript\">\r\nif( typeof caldera_conditionals === \"undefined\" ){ var caldera_conditionals = {}; }caldera_conditionals.CF58ecac362708f_1 = {\"fld_4079097_1\":{\"type\":\"show\",\"group\":{\"rw7964899429701301\":{\"cl1410185351987365\":{\"parent\":\"rw7964899429701301\",\"field\":\"fld_5246134\",\"compare\":\"isnot\",\"value\":\"\"}}}},\"fld_4376249_1\":{\"type\":\"show\",\"group\":{\"rw7964899429701301\":{\"cl1410185351987365\":{\"parent\":\"rw7964899429701301\",\"field\":\"fld_5246134\",\"compare\":\"isnot\",\"value\":\"\"}}}},\"fld_2419621_1\":{\"type\":\"show\",\"group\":{\"rw7964899429701301\":{\"cl1410185351987365\":{\"parent\":\"rw7964899429701301\",\"field\":\"fld_5246134\",\"compare\":\"isnot\",\"value\":\"\"}}}},\"fld_3162303_1\":{\"type\":\"show\",\"group\":{\"rw7964899429701301\":{\"cl1410185351987365\":{\"parent\":\"rw7964899429701301\",\"field\":\"fld_5246134\",\"compare\":\"isnot\",\"value\":\"\"}}}}};\r\n<\/script>\r\n<script type=\"text\/html\" id=\"conditional-fld_4079097_1-tmpl\">\r\n<div role=\"field\" data-field-wrapper=\"fld_4079097\" class=\"form-group\">\r\n\t<label id=\"fld_4079097Label\" for=\"fld_4079097_1\" class=\"control-label\">Name<\/label>\r\n\t<div class=\"\">\r\n\t\t<input    type=\"text\" data-field=\"fld_4079097\" class=\" form-control\" id=\"fld_4079097_1\" name=\"fld_4079097\" value=\"\" data-type=\"text\"   aria-labelledby=\"fld_4079097Label\" >\t\t\t<\/div>\r\n<\/div>\r\n<\/script>\r\n\r\n<script type=\"text\/html\" id=\"conditional-fld_4376249_1-tmpl\">\r\n<div role=\"field\" data-field-wrapper=\"fld_4376249\" class=\"form-group\">\r\n\t<label id=\"fld_4376249Label\" for=\"fld_4376249_1\" class=\"control-label\">Email <span aria-hidden=\"true\" role=\"presentation\" class=\"field_required\" style=\"color:#ee0000;\">*<\/span><\/label>\r\n\t<div class=\"\">\r\n\t\t<input   required type=\"email\" data-field=\"fld_4376249\" class=\" form-control\" id=\"fld_4376249_1\" name=\"fld_4376249\" value=\"\" data-type=\"email\" aria-required=\"true\"   aria-labelledby=\"fld_4376249Label\" >\t\t\t<\/div>\r\n<\/div>\r\n<\/script>\r\n\r\n<script type=\"text\/html\" id=\"conditional-fld_2419621_1-tmpl\">\r\n<div role=\"field\" data-field-wrapper=\"fld_2419621\" class=\"form-group\">\r\n<div class=\"\">\r\n\t<input  class=\"btn btn-default\" type=\"submit\" name=\"fld_2419621\" id=\"fld_2419621_1\" value=\"Anfrage senden\" data-field=\"fld_2419621\"   aria-labelledby=\"fld_2419621Label\">\n<\/div>\r\n<\/div>\r\n\t<input class=\"button_trigger_1\" type=\"hidden\" name=\"fld_2419621\" id=\"fld_2419621_1_btn\" value=\"\" data-field=\"fld_2419621\"  \/>\n<\/script>\r\n\r\n<script type=\"text\/html\" id=\"conditional-fld_3162303_1-tmpl\">\r\n<div role=\"field\" data-field-wrapper=\"fld_3162303\" class=\"form-group\">\r\n\t<label id=\"fld_3162303Label\" for=\"fld_3162303_1\" class=\"control-label\">Nachname <span aria-hidden=\"true\" role=\"presentation\" class=\"field_required\" style=\"color:#ee0000;\">*<\/span><\/label>\r\n\t<div class=\"\">\r\n\t\t<input   required type=\"text\" data-field=\"fld_3162303\" class=\" form-control\" id=\"fld_3162303_1\" name=\"fld_3162303\" value=\"\" data-type=\"text\" aria-required=\"true\"   aria-labelledby=\"fld_3162303Label\" >\t\t\t<\/div>\r\n<\/div>\r\n<\/script>\r\n\n<p><strong>punti di vendita<br \/>\n<\/strong><\/p>\n<p>Bolzano: <a href=\"https:\/\/goo.gl\/maps\/rvzNzMsWCndYMUxFA\">CM\u00a0Holzwerkstatt<\/a><br \/>\nMerano: <a href=\"https:\/\/goo.gl\/maps\/LbNzDH5EUzxWiUTz9\">Haus Nr. 13<\/a><br \/>\nSan Candido: <a href=\"https:\/\/goo.gl\/maps\/aXQdGPqiKJp9HwgSA\">Manufakt<\/a><a href=\"https:\/\/www.google.com\/maps\/place\/Bestofsouthtyrol\/@46.4990409,11.3492375,17z\/data=!3m1!4b1!4m5!3m4!1s0x478282cc411a88bf:0xa7750c81d4631338!8m2!3d46.4990409!4d11.3514262?hl=de\"><br \/>\n<\/a>Trento:\u00a0<a href=\"https:\/\/www.google.com\/maps\/place\/Details+Design+Store\/@46.0709186,11.1225762,17z\/data=!3m1!4b1!4m5!3m4!1s0x478271354e80c2f7:0x2677c59eae5b0fe3!8m2!3d46.0709186!4d11.1247649?hl=de\">Detailsdesignstore<\/a><\/p>\n<p>&nbsp;<\/p>\n<p>&nbsp;<\/p>\n","protected":false},"excerpt":{"rendered":"<p>C\u2019\u00e8 sempre posto per tutti! A questo tavolo allungabile di acero, fino a nove persone possono prendere posto e accarezzarne il piano morbido e vellutato. \u00c8 qualcosa di veramente speciale, perch\u00e9 \u00e8 completamente non trattato. In passato, grazie ai suoi pori finissimi, il legno di acero era utilizzato per motivi igienici anche per la produzione di stoviglie e, ancora oggi, viene spesso utilizzato per produrre mestoli da cucina e giocattoli. Il piano del tavolo viene finemente levigato con numerosi lavaggi e innumerevoli processi di levigatura, che esaltano la sua naturale resistenza. Con il tempo e il suo uso regolare, oltra a qualche lavaggio con sapone di Marsiglia, donano al piano del tavolo una superficie semilucida.<\/p>\n<p>misura: diametro 125 cm \/ altezza 75 cm lunghezze tavolo estratto: 175 cm \/ 225 cm<\/p>\n<p>&nbsp;<\/p>\n<p><strong>punti di vendita <\/strong><\/p>\n<p>Bolzano: <a href=\"https:\/\/goo.gl\/maps\/rvzNzMsWCndYMUxFA\">CM\u00a0Holzwerkstatt<\/a> Merano: <a href=\"https:\/\/goo.gl\/maps\/LbNzDH5EUzxWiUTz9\">Haus Nr. 13<\/a> San Candido: <a href=\"https:\/\/goo.gl\/maps\/aXQdGPqiKJp9HwgSA\">Manufakt<\/a><a href=\"https:\/\/www.google.com\/maps\/place\/Bestofsouthtyrol\/@46.4990409,11.3492375,17z\/data=!3m1!4b1!4m5!3m4!1s0x478282cc411a88bf:0xa7750c81d4631338!8m2!3d46.4990409!4d11.3514262?hl=de\"> <\/a>Trento:\u00a0<a href=\"https:\/\/www.google.com\/maps\/place\/Details+Design+Store\/@46.0709186,11.1225762,17z\/data=!3m1!4b1!4m5!3m4!1s0x478271354e80c2f7:0x2677c59eae5b0fe3!8m2!3d46.0709186!4d11.1247649?hl=de\">Detailsdesignstore<\/a><\/p>\n<p>&nbsp;<\/p>\n<p>&nbsp;<\/p>\n","protected":false},"author":2,"featured_media":0,"parent":145,"menu_order":50,"comment_status":"closed","ping_status":"closed","template":"","meta":{"_acf_changed":false,"footnotes":""},"class_list":["post-719","page","type-page","status-publish","hentry"],"acf":[],"yoast_head":"<!-- This site is optimized with the Yoast SEO plugin v24.5 - https:\/\/yoast.com\/wordpress\/plugins\/seo\/ -->\n<title>tavolo Doris - Christian Mittendorfer<\/title>\n<meta name=\"robots\" content=\"index, follow, max-snippet:-1, max-image-preview:large, max-video-preview:-1\" \/>\n<link rel=\"canonical\" href=\"https:\/\/www.christianmittendorfer.it\/objekte\/tisch-doris\/\" \/>\n<meta property=\"og:locale\" content=\"it_IT\" \/>\n<meta property=\"og:type\" content=\"article\" \/>\n<meta property=\"og:title\" content=\"tavolo Doris - Christian Mittendorfer\" \/>\n<meta property=\"og:description\" content=\"C\u2019\u00e8 sempre posto per tutti! A questo tavolo allungabile di acero, fino a nove persone possono prendere posto e accarezzarne il piano morbido e vellutato. \u00c8 qualcosa di veramente speciale, perch\u00e9 \u00e8 completamente non trattato. In passato, grazie ai suoi pori finissimi, il legno di acero era utilizzato per motivi igienici anche per la produzione di stoviglie e, ancora oggi, viene spesso utilizzato per produrre mestoli da cucina e giocattoli. Il piano del tavolo viene finemente levigato con numerosi lavaggi e innumerevoli processi di levigatura, che esaltano la sua naturale resistenza. Con il tempo e il suo uso regolare, oltra a qualche lavaggio con sapone di Marsiglia, donano al piano del tavolo una superficie semilucida. misura: diametro 125 cm \/ altezza 75 cm lunghezze tavolo estratto: 175 cm \/ 225 cm &nbsp; punti di vendita Bolzano: CM\u00a0Holzwerkstatt Merano: Haus Nr. 13 San Candido: Manufakt Trento:\u00a0Detailsdesignstore &nbsp; &nbsp;\" \/>\n<meta property=\"og:url\" content=\"https:\/\/www.christianmittendorfer.it\/objekte\/tisch-doris\/\" \/>\n<meta property=\"og:site_name\" content=\"Christian Mittendorfer\" \/>\n<meta property=\"article:publisher\" content=\"https:\/\/www.facebook.com\/gestaltung.handwerk\/\" \/>\n<meta property=\"article:modified_time\" content=\"2021-05-13T15:28:56+00:00\" \/>\n<meta name=\"twitter:card\" content=\"summary_large_image\" \/>\n<meta name=\"twitter:label1\" content=\"Tempo di lettura stimato\" \/>\n\t<meta name=\"twitter:data1\" content=\"1 minuto\" \/>\n<script type=\"application\/ld+json\" class=\"yoast-schema-graph\">{\"@context\":\"https:\/\/schema.org\",\"@graph\":[{\"@type\":\"WebPage\",\"@id\":\"https:\/\/www.christianmittendorfer.it\/objekte\/tisch-doris\/\",\"url\":\"https:\/\/www.christianmittendorfer.it\/objekte\/tisch-doris\/\",\"name\":\"tavolo Doris - Christian Mittendorfer\",\"isPartOf\":{\"@id\":\"https:\/\/www.christianmittendorfer.it\/#website\"},\"datePublished\":\"2017-03-04T14:17:12+00:00\",\"dateModified\":\"2021-05-13T15:28:56+00:00\",\"breadcrumb\":{\"@id\":\"https:\/\/www.christianmittendorfer.it\/objekte\/tisch-doris\/#breadcrumb\"},\"inLanguage\":\"it-IT\",\"potentialAction\":[{\"@type\":\"ReadAction\",\"target\":[\"https:\/\/www.christianmittendorfer.it\/objekte\/tisch-doris\/\"]}]},{\"@type\":\"BreadcrumbList\",\"@id\":\"https:\/\/www.christianmittendorfer.it\/objekte\/tisch-doris\/#breadcrumb\",\"itemListElement\":[{\"@type\":\"ListItem\",\"position\":1,\"name\":\"Startseite\",\"item\":\"https:\/\/www.christianmittendorfer.it\/\"},{\"@type\":\"ListItem\",\"position\":2,\"name\":\"Oggetti\",\"item\":\"https:\/\/www.christianmittendorfer.it\/objekte\/\"},{\"@type\":\"ListItem\",\"position\":3,\"name\":\"tavolo Doris\"}]},{\"@type\":\"WebSite\",\"@id\":\"https:\/\/www.christianmittendorfer.it\/#website\",\"url\":\"https:\/\/www.christianmittendorfer.it\/\",\"name\":\"Christian Mittendorfer\",\"description\":\"\",\"potentialAction\":[{\"@type\":\"SearchAction\",\"target\":{\"@type\":\"EntryPoint\",\"urlTemplate\":\"https:\/\/www.christianmittendorfer.it\/?s={search_term_string}\"},\"query-input\":{\"@type\":\"PropertyValueSpecification\",\"valueRequired\":true,\"valueName\":\"search_term_string\"}}],\"inLanguage\":\"it-IT\"}]}<\/script>\n<!-- \/ Yoast SEO plugin. -->","yoast_head_json":{"title":"tavolo Doris - Christian Mittendorfer","robots":{"index":"index","follow":"follow","max-snippet":"max-snippet:-1","max-image-preview":"max-image-preview:large","max-video-preview":"max-video-preview:-1"},"canonical":"https:\/\/www.christianmittendorfer.it\/objekte\/tisch-doris\/","og_locale":"it_IT","og_type":"article","og_title":"tavolo Doris - Christian Mittendorfer","og_description":"C\u2019\u00e8 sempre posto per tutti! A questo tavolo allungabile di acero, fino a nove persone possono prendere posto e accarezzarne il piano morbido e vellutato. \u00c8 qualcosa di veramente speciale, perch\u00e9 \u00e8 completamente non trattato. In passato, grazie ai suoi pori finissimi, il legno di acero era utilizzato per motivi igienici anche per la produzione di stoviglie e, ancora oggi, viene spesso utilizzato per produrre mestoli da cucina e giocattoli. Il piano del tavolo viene finemente levigato con numerosi lavaggi e innumerevoli processi di levigatura, che esaltano la sua naturale resistenza. Con il tempo e il suo uso regolare, oltra a qualche lavaggio con sapone di Marsiglia, donano al piano del tavolo una superficie semilucida. misura: diametro 125 cm \/ altezza 75 cm lunghezze tavolo estratto: 175 cm \/ 225 cm &nbsp; punti di vendita Bolzano: CM\u00a0Holzwerkstatt Merano: Haus Nr. 13 San Candido: Manufakt Trento:\u00a0Detailsdesignstore &nbsp; &nbsp;","og_url":"https:\/\/www.christianmittendorfer.it\/objekte\/tisch-doris\/","og_site_name":"Christian Mittendorfer","article_publisher":"https:\/\/www.facebook.com\/gestaltung.handwerk\/","article_modified_time":"2021-05-13T15:28:56+00:00","twitter_card":"summary_large_image","twitter_misc":{"Tempo di lettura stimato":"1 minuto"},"schema":{"@context":"https:\/\/schema.org","@graph":[{"@type":"WebPage","@id":"https:\/\/www.christianmittendorfer.it\/objekte\/tisch-doris\/","url":"https:\/\/www.christianmittendorfer.it\/objekte\/tisch-doris\/","name":"tavolo Doris - Christian Mittendorfer","isPartOf":{"@id":"https:\/\/www.christianmittendorfer.it\/#website"},"datePublished":"2017-03-04T14:17:12+00:00","dateModified":"2021-05-13T15:28:56+00:00","breadcrumb":{"@id":"https:\/\/www.christianmittendorfer.it\/objekte\/tisch-doris\/#breadcrumb"},"inLanguage":"it-IT","potentialAction":[{"@type":"ReadAction","target":["https:\/\/www.christianmittendorfer.it\/objekte\/tisch-doris\/"]}]},{"@type":"BreadcrumbList","@id":"https:\/\/www.christianmittendorfer.it\/objekte\/tisch-doris\/#breadcrumb","itemListElement":[{"@type":"ListItem","position":1,"name":"Startseite","item":"https:\/\/www.christianmittendorfer.it\/"},{"@type":"ListItem","position":2,"name":"Oggetti","item":"https:\/\/www.christianmittendorfer.it\/objekte\/"},{"@type":"ListItem","position":3,"name":"tavolo Doris"}]},{"@type":"WebSite","@id":"https:\/\/www.christianmittendorfer.it\/#website","url":"https:\/\/www.christianmittendorfer.it\/","name":"Christian Mittendorfer","description":"","potentialAction":[{"@type":"SearchAction","target":{"@type":"EntryPoint","urlTemplate":"https:\/\/www.christianmittendorfer.it\/?s={search_term_string}"},"query-input":{"@type":"PropertyValueSpecification","valueRequired":true,"valueName":"search_term_string"}}],"inLanguage":"it-IT"}]}},"_links":{"self":[{"href":"https:\/\/www.christianmittendorfer.it\/it\/wp-json\/wp\/v2\/pages\/719","targetHints":{"allow":["GET"]}}],"collection":[{"href":"https:\/\/www.christianmittendorfer.it\/it\/wp-json\/wp\/v2\/pages"}],"about":[{"href":"https:\/\/www.christianmittendorfer.it\/it\/wp-json\/wp\/v2\/types\/page"}],"author":[{"embeddable":true,"href":"https:\/\/www.christianmittendorfer.it\/it\/wp-json\/wp\/v2\/users\/2"}],"replies":[{"embeddable":true,"href":"https:\/\/www.christianmittendorfer.it\/it\/wp-json\/wp\/v2\/comments?post=719"}],"version-history":[{"count":7,"href":"https:\/\/www.christianmittendorfer.it\/it\/wp-json\/wp\/v2\/pages\/719\/revisions"}],"predecessor-version":[{"id":1478,"href":"https:\/\/www.christianmittendorfer.it\/it\/wp-json\/wp\/v2\/pages\/719\/revisions\/1478"}],"up":[{"embeddable":true,"href":"https:\/\/www.christianmittendorfer.it\/it\/wp-json\/wp\/v2\/pages\/145"}],"wp:attachment":[{"href":"https:\/\/www.christianmittendorfer.it\/it\/wp-json\/wp\/v2\/media?parent=719"}],"curies":[{"name":"wp","href":"https:\/\/api.w.org\/{rel}","templated":true}]}}